{"id":13,"date":"2024-12-18T23:51:37","date_gmt":"2024-12-18T23:51:37","guid":{"rendered":"https:\/\/h2so.com.br\/?page_id=13"},"modified":"2024-12-26T01:49:40","modified_gmt":"2024-12-26T01:49:40","slug":"breve-apresentacao","status":"publish","type":"page","link":"https:\/\/h2so.com.br\/","title":{"rendered":"Breve Apresenta\u00e7\u00e3o"},"content":{"rendered":"\n<p><em><mark style=\"background-color:rgba(0, 0, 0, 0)\" class=\"has-inline-color has-vivid-cyan-blue-color\">Esta \u00e9 uma p\u00e1gina pessoal de apresenta\u00e7\u00e3o profissional.<\/mark><\/em><\/p>\n\n\n\n<p>Engenheiro. MSc. em Engenharia El\u00e9trica, Processamento Digital de Sinais. Especializa\u00e7\u00e3o em Telecomunica\u00e7\u00f5es. Foi Assessor T\u00e9cnico na Ger\u00eancia de Engenharia de Custos do Metr\u00f4 de S\u00e3o Paulo. Atualmente est\u00e1 como Coordenador de Custos de Manuten\u00e7\u00e3o e Sistemas do Metr\u00f4 de S\u00e3o Paulo.<\/p>\n\n\n\n<p>Desenvolveu diversos projetos de engenharia em eletr\u00f4nica digital, hardware e software, sistemas de controle e processamento digital de sinais. Foi professor de diversas disciplinas para turmas de Ci\u00eancia da Computa\u00e7\u00e3o. Elaborou e coordenou diversos or\u00e7amentos para Sistemas de Engenharia. Experi\u00eancia internacional.<\/p>\n\n\n\n<p>Segue o meu cart\u00e3o de visita:<\/p>\n\n\n<div class=\"wp-block-image\">\n<figure class=\"aligncenter size-large is-resized\"><img loading=\"lazy\" decoding=\"async\" width=\"1024\" height=\"585\" src=\"https:\/\/h2so.com.br\/wp-content\/uploads\/2024\/12\/Cartao-Portugues-1-1024x585.png\" alt=\"\" class=\"wp-image-29\" style=\"width:577px;height:auto\" srcset=\"https:\/\/h2so.com.br\/wp-content\/uploads\/2024\/12\/Cartao-Portugues-1-1024x585.png 1024w, https:\/\/h2so.com.br\/wp-content\/uploads\/2024\/12\/Cartao-Portugues-1-300x171.png 300w, https:\/\/h2so.com.br\/wp-content\/uploads\/2024\/12\/Cartao-Portugues-1-768x439.png 768w, https:\/\/h2so.com.br\/wp-content\/uploads\/2024\/12\/Cartao-Portugues-1-750x429.png 750w, https:\/\/h2so.com.br\/wp-content\/uploads\/2024\/12\/Cartao-Portugues-1.png 1050w\" sizes=\"auto, (max-width: 1024px) 100vw, 1024px\" \/><\/figure>\n<\/div>\n\n\n<p><\/p>\n","protected":false},"excerpt":{"rendered":"<p>Esta \u00e9 uma p\u00e1gina pessoal de apresenta\u00e7\u00e3o profissional. Engenheiro. MSc. em Engenharia El\u00e9trica, Processamento Digital de Sinais. Especializa\u00e7\u00e3o em Telecomunica\u00e7\u00f5es. Foi Assessor T\u00e9cnico na Ger\u00eancia de Engenharia de Custos do Metr\u00f4 de S\u00e3o Paulo. Atualmente est\u00e1 como Coordenador de Custos de Manuten\u00e7\u00e3o e Sistemas do Metr\u00f4 de S\u00e3o Paulo. Desenvolveu diversos projetos de engenharia em &hellip; <\/p>\n<p><a class=\"more-link btn\" href=\"https:\/\/h2so.com.br\/\">Continue lendo<\/a><\/p>\n","protected":false},"author":1,"featured_media":0,"parent":0,"menu_order":0,"comment_status":"closed","ping_status":"closed","template":"","meta":{"footnotes":""},"class_list":["post-13","page","type-page","status-publish","hentry","nodate","item-wrap"],"jetpack_sharing_enabled":true,"_links":{"self":[{"href":"https:\/\/h2so.com.br\/index.php\/wp-json\/wp\/v2\/pages\/13","targetHints":{"allow":["GET"]}}],"collection":[{"href":"https:\/\/h2so.com.br\/index.php\/wp-json\/wp\/v2\/pages"}],"about":[{"href":"https:\/\/h2so.com.br\/index.php\/wp-json\/wp\/v2\/types\/page"}],"author":[{"embeddable":true,"href":"https:\/\/h2so.com.br\/index.php\/wp-json\/wp\/v2\/users\/1"}],"replies":[{"embeddable":true,"href":"https:\/\/h2so.com.br\/index.php\/wp-json\/wp\/v2\/comments?post=13"}],"version-history":[{"count":4,"href":"https:\/\/h2so.com.br\/index.php\/wp-json\/wp\/v2\/pages\/13\/revisions"}],"predecessor-version":[{"id":31,"href":"https:\/\/h2so.com.br\/index.php\/wp-json\/wp\/v2\/pages\/13\/revisions\/31"}],"wp:attachment":[{"href":"https:\/\/h2so.com.br\/index.php\/wp-json\/wp\/v2\/media?parent=13"}],"curies":[{"name":"wp","href":"https:\/\/api.w.org\/{rel}","templated":true}]}}